{"id":11943,"date":"2024-12-12T11:01:49","date_gmt":"2024-12-12T11:01:49","guid":{"rendered":"https:\/\/artiffex.com\/?page_id=11943"},"modified":"2024-12-12T11:10:59","modified_gmt":"2024-12-12T11:10:59","slug":"politique-de-securite","status":"publish","type":"page","link":"https:\/\/artiffex.com\/fr\/politique-de-securite\/","title":{"rendered":"POLITIQUE DE S\u00c9CURIT\u00c9"},"content":{"rendered":"<p>[et_pb_section fb_built=\u00a0\u00bb1&Prime; admin_label=\u00a0\u00bbsection\u00a0\u00bb _builder_version=\u00a0\u00bb4.16&Prime; global_colors_info=\u00a0\u00bb{}\u00a0\u00bb][et_pb_row admin_label=\u00a0\u00bbrow\u00a0\u00bb _builder_version=\u00a0\u00bb4.16&Prime; background_size=\u00a0\u00bbinitial\u00a0\u00bb background_position=\u00a0\u00bbtop_left\u00a0\u00bb background_repeat=\u00a0\u00bbrepeat\u00a0\u00bb global_colors_info=\u00a0\u00bb{}\u00a0\u00bb][et_pb_column type=\u00a0\u00bb4_4&Prime; _builder_version=\u00a0\u00bb4.16&Prime; custom_padding=\u00a0\u00bb|||\u00a0\u00bb global_colors_info=\u00a0\u00bb{}\u00a0\u00bb custom_padding__hover=\u00a0\u00bb|||\u00a0\u00bb][et_pb_text _builder_version=\u00a0\u00bb4.26.0&Prime; _module_preset=\u00a0\u00bbdefault\u00a0\u00bb hover_enabled=\u00a0\u00bb0&Prime; sticky_enabled=\u00a0\u00bb0&Prime; header_font_size_last_edited=\u00a0\u00bbon|phone\u00a0\u00bb header_font_size_phone=\u00a0\u00bb25px\u00a0\u00bb header_2_font_size_last_edited=\u00a0\u00bbon|phone\u00a0\u00bb header_2_font_size_phone=\u00a0\u00bb\u00a0\u00bb header_3_font_size_last_edited=\u00a0\u00bbon|phone\u00a0\u00bb header_3_font_size_phone=\u00a0\u00bb20px\u00a0\u00bb header_3_line_height=\u00a0\u00bb1.4em\u00a0\u00bb]<\/p>\n<h1 style=\"color: #6c2eb9;\">POLITIQUE DE S\u00c9CURIT\u00c9<\/h1>\n<p>Chez ARTIFFEX, la protection des donn\u00e9es des clients et le respect des normes les plus strictes en mati\u00e8re de confidentialit\u00e9 et de s\u00e9curit\u00e9 constituent la pierre angulaire de nos activit\u00e9s. Nous adh\u00e9rons strictement aux protocoles de la Commission des valeurs mobili\u00e8res de l&rsquo;Ontario et du Commissaire \u00e0 la protection de la vie priv\u00e9e du Canada, y compris le respect int\u00e9gral de la Loi sur la protection des renseignements personnels et les documents \u00e9lectroniques (LPRPDE).<\/p>\n<h3><strong>Certification SOC 2<\/strong><\/h3>\n<p>En d\u00e9cembre 2021, ARTIFFEX a re\u00e7u la certification SOC 2 de type 1 de Raymond Chabot Grant Thornton, refl\u00e9tant notre adh\u00e9sion \u00e0 des contr\u00f4les internes robustes en mati\u00e8re de s\u00e9curit\u00e9, de disponibilit\u00e9 et de confidentialit\u00e9. Nous sommes actuellement soumis \u00e0 l&rsquo;audit SOC 2 de type 2, qui devrait s&rsquo;achever \u00e0 la fin de l&rsquo;ann\u00e9e 2025. Ce processus \u00e9value l&rsquo;application coh\u00e9rente de ces contr\u00f4les au fil du temps, offrant une assurance suppl\u00e9mentaire \u00e0 nos clients quant \u00e0 la fiabilit\u00e9 et \u00e0 l&rsquo;int\u00e9grit\u00e9 de nos syst\u00e8mes.<\/p>\n<h3><strong>Test de p\u00e9n\u00e9tration<\/strong><\/h3>\n<p>ARTIFFEX emploie OKIOK, une soci\u00e9t\u00e9 de s\u00e9curit\u00e9 externe tr\u00e8s r\u00e9put\u00e9e, pour effectuer r\u00e9guli\u00e8rement des tests de p\u00e9n\u00e9tration sur notre r\u00e9seau. Ces tests sont con\u00e7us pour simuler des cyberattaques r\u00e9elles, ce qui nous permet de rep\u00e9rer et de corriger toute vuln\u00e9rabilit\u00e9 de fa\u00e7on proactive. Cette approche rigoureuse garantit que notre r\u00e9seau reste prot\u00e9g\u00e9 contre les menaces en constante \u00e9volution.<\/p>\n<h3><strong>Protocoles de s\u00e9curit\u00e9 approuv\u00e9s par les clients<\/strong><\/h3>\n<p>Nos mesures de s\u00e9curit\u00e9 ont \u00e9t\u00e9 examin\u00e9es et approuv\u00e9es par certains des plus grands cabinets comptables du monde, ce qui confirme la solidit\u00e9 de nos proc\u00e9dures de s\u00e9curit\u00e9 des donn\u00e9es et de notre infrastructure de r\u00e9seau. Leur approbation souligne la confiance accord\u00e9e \u00e0 ARTIFFEX par certaines des organisations les plus exigeantes de l&rsquo;industrie.<\/p>\n<h3><strong>Garantie de traitement des donn\u00e9es canadiennes<\/strong><\/h3>\n<p>Nous garantissons que tous les fichiers clients externalis\u00e9s seront trait\u00e9s exclusivement au Canada par nos employ\u00e9s form\u00e9s \u00e0 l&rsquo;aide de notre application exclusive. Cet engagement assure la conformit\u00e9 avec les lois canadiennes sur la protection de la vie priv\u00e9e et donne \u00e0 nos clients l&rsquo;assurance d&rsquo;un traitement s\u00fbr et contr\u00f4l\u00e9 de leurs donn\u00e9es financi\u00e8res sensibles.<\/p>\n<p>ARTIFFEX s&rsquo;engage \u00e0 maintenir et \u00e0 am\u00e9liorer ces normes rigoureuses afin de prot\u00e9ger la confidentialit\u00e9, l&rsquo;int\u00e9grit\u00e9 et la disponibilit\u00e9 des informations sur les clients.<\/p>\n<p>Pour de plus amples informations sur nos politiques de s\u00e9curit\u00e9 ou des questions connexes, veuillez contacter notre \u00e9quipe.<\/p>\n<p>[\/et_pb_text][\/et_pb_column][\/et_pb_row][\/et_pb_section]<\/p>\n","protected":false},"excerpt":{"rendered":"<p>POLITIQUE DE S\u00c9CURIT\u00c9 Chez ARTIFFEX, la protection des donn\u00e9es des clients et le respect des normes les plus strictes en mati\u00e8re de confidentialit\u00e9 et de s\u00e9curit\u00e9 constituent la pierre angulaire de nos activit\u00e9s. Nous adh\u00e9rons strictement aux protocoles de la Commission des valeurs mobili\u00e8res de l&rsquo;Ontario et du Commissaire \u00e0 la protection de la vie [&hellip;]<\/p>\n","protected":false},"author":5,"featured_media":0,"parent":0,"menu_order":0,"comment_status":"closed","ping_status":"closed","template":"","meta":{"_et_pb_use_builder":"on","_et_pb_old_content":"","_et_gb_content_width":"","footnotes":""},"class_list":["post-11943","page","type-page","status-publish","hentry"],"yoast_head":"<!-- This site is optimized with the Yoast SEO plugin v27.3 - https:\/\/yoast.com\/product\/yoast-seo-wordpress\/ -->\n<title>POLITIQUE DE S\u00c9CURIT\u00c9 - Artiffex<\/title>\n<meta name=\"robots\" content=\"index, follow, max-snippet:-1, max-image-preview:large, max-video-preview:-1\" \/>\n<link rel=\"canonical\" href=\"https:\/\/artiffex.com\/fr\/politique-de-securite\/\" \/>\n<meta property=\"og:locale\" content=\"fr_FR\" \/>\n<meta property=\"og:type\" content=\"article\" \/>\n<meta property=\"og:title\" content=\"POLITIQUE DE S\u00c9CURIT\u00c9 - Artiffex\" \/>\n<meta property=\"og:description\" content=\"POLITIQUE DE S\u00c9CURIT\u00c9 Chez ARTIFFEX, la protection des donn\u00e9es des clients et le respect des normes les plus strictes en mati\u00e8re de confidentialit\u00e9 et de s\u00e9curit\u00e9 constituent la pierre angulaire de nos activit\u00e9s. Nous adh\u00e9rons strictement aux protocoles de la Commission des valeurs mobili\u00e8res de l&#039;Ontario et du Commissaire \u00e0 la protection de la vie [&hellip;]\" \/>\n<meta property=\"og:url\" content=\"https:\/\/artiffex.com\/fr\/politique-de-securite\/\" \/>\n<meta property=\"og:site_name\" content=\"Artiffex\" \/>\n<meta property=\"article:modified_time\" content=\"2024-12-12T11:10:59+00:00\" \/>\n<meta name=\"twitter:card\" content=\"summary_large_image\" \/>\n<script type=\"application\/ld+json\" class=\"yoast-schema-graph\">{\"@context\":\"https:\\\/\\\/schema.org\",\"@graph\":[{\"@type\":\"WebPage\",\"@id\":\"https:\\\/\\\/artiffex.com\\\/fr\\\/politique-de-securite\\\/\",\"url\":\"https:\\\/\\\/artiffex.com\\\/fr\\\/politique-de-securite\\\/\",\"name\":\"POLITIQUE DE S\u00c9CURIT\u00c9 - Artiffex\",\"isPartOf\":{\"@id\":\"https:\\\/\\\/artiffex.com\\\/#website\"},\"datePublished\":\"2024-12-12T11:01:49+00:00\",\"dateModified\":\"2024-12-12T11:10:59+00:00\",\"breadcrumb\":{\"@id\":\"https:\\\/\\\/artiffex.com\\\/fr\\\/politique-de-securite\\\/#breadcrumb\"},\"inLanguage\":\"fr-FR\",\"potentialAction\":[{\"@type\":\"ReadAction\",\"target\":[\"https:\\\/\\\/artiffex.com\\\/fr\\\/politique-de-securite\\\/\"]}]},{\"@type\":\"BreadcrumbList\",\"@id\":\"https:\\\/\\\/artiffex.com\\\/fr\\\/politique-de-securite\\\/#breadcrumb\",\"itemListElement\":[{\"@type\":\"ListItem\",\"position\":1,\"name\":\"Home\",\"item\":\"https:\\\/\\\/artiffex.com\\\/\"},{\"@type\":\"ListItem\",\"position\":2,\"name\":\"POLITIQUE DE S\u00c9CURIT\u00c9\"}]},{\"@type\":\"WebSite\",\"@id\":\"https:\\\/\\\/artiffex.com\\\/#website\",\"url\":\"https:\\\/\\\/artiffex.com\\\/\",\"name\":\"Artiffex\",\"description\":\"\",\"potentialAction\":[{\"@type\":\"SearchAction\",\"target\":{\"@type\":\"EntryPoint\",\"urlTemplate\":\"https:\\\/\\\/artiffex.com\\\/?s={search_term_string}\"},\"query-input\":{\"@type\":\"PropertyValueSpecification\",\"valueRequired\":true,\"valueName\":\"search_term_string\"}}],\"inLanguage\":\"fr-FR\"}]}<\/script>\n<!-- \/ Yoast SEO plugin. -->","yoast_head_json":{"title":"POLITIQUE DE S\u00c9CURIT\u00c9 - Artiffex","robots":{"index":"index","follow":"follow","max-snippet":"max-snippet:-1","max-image-preview":"max-image-preview:large","max-video-preview":"max-video-preview:-1"},"canonical":"https:\/\/artiffex.com\/fr\/politique-de-securite\/","og_locale":"fr_FR","og_type":"article","og_title":"POLITIQUE DE S\u00c9CURIT\u00c9 - Artiffex","og_description":"POLITIQUE DE S\u00c9CURIT\u00c9 Chez ARTIFFEX, la protection des donn\u00e9es des clients et le respect des normes les plus strictes en mati\u00e8re de confidentialit\u00e9 et de s\u00e9curit\u00e9 constituent la pierre angulaire de nos activit\u00e9s. Nous adh\u00e9rons strictement aux protocoles de la Commission des valeurs mobili\u00e8res de l'Ontario et du Commissaire \u00e0 la protection de la vie [&hellip;]","og_url":"https:\/\/artiffex.com\/fr\/politique-de-securite\/","og_site_name":"Artiffex","article_modified_time":"2024-12-12T11:10:59+00:00","twitter_card":"summary_large_image","schema":{"@context":"https:\/\/schema.org","@graph":[{"@type":"WebPage","@id":"https:\/\/artiffex.com\/fr\/politique-de-securite\/","url":"https:\/\/artiffex.com\/fr\/politique-de-securite\/","name":"POLITIQUE DE S\u00c9CURIT\u00c9 - Artiffex","isPartOf":{"@id":"https:\/\/artiffex.com\/#website"},"datePublished":"2024-12-12T11:01:49+00:00","dateModified":"2024-12-12T11:10:59+00:00","breadcrumb":{"@id":"https:\/\/artiffex.com\/fr\/politique-de-securite\/#breadcrumb"},"inLanguage":"fr-FR","potentialAction":[{"@type":"ReadAction","target":["https:\/\/artiffex.com\/fr\/politique-de-securite\/"]}]},{"@type":"BreadcrumbList","@id":"https:\/\/artiffex.com\/fr\/politique-de-securite\/#breadcrumb","itemListElement":[{"@type":"ListItem","position":1,"name":"Home","item":"https:\/\/artiffex.com\/"},{"@type":"ListItem","position":2,"name":"POLITIQUE DE S\u00c9CURIT\u00c9"}]},{"@type":"WebSite","@id":"https:\/\/artiffex.com\/#website","url":"https:\/\/artiffex.com\/","name":"Artiffex","description":"","potentialAction":[{"@type":"SearchAction","target":{"@type":"EntryPoint","urlTemplate":"https:\/\/artiffex.com\/?s={search_term_string}"},"query-input":{"@type":"PropertyValueSpecification","valueRequired":true,"valueName":"search_term_string"}}],"inLanguage":"fr-FR"}]}},"_links":{"self":[{"href":"https:\/\/artiffex.com\/fr\/wp-json\/wp\/v2\/pages\/11943","targetHints":{"allow":["GET"]}}],"collection":[{"href":"https:\/\/artiffex.com\/fr\/wp-json\/wp\/v2\/pages"}],"about":[{"href":"https:\/\/artiffex.com\/fr\/wp-json\/wp\/v2\/types\/page"}],"author":[{"embeddable":true,"href":"https:\/\/artiffex.com\/fr\/wp-json\/wp\/v2\/users\/5"}],"replies":[{"embeddable":true,"href":"https:\/\/artiffex.com\/fr\/wp-json\/wp\/v2\/comments?post=11943"}],"version-history":[{"count":0,"href":"https:\/\/artiffex.com\/fr\/wp-json\/wp\/v2\/pages\/11943\/revisions"}],"wp:attachment":[{"href":"https:\/\/artiffex.com\/fr\/wp-json\/wp\/v2\/media?parent=11943"}],"curies":[{"name":"wp","href":"https:\/\/api.w.org\/{rel}","templated":true}]}}